{"id":40,"date":"2026-01-26T08:26:52","date_gmt":"2026-01-26T08:26:52","guid":{"rendered":"https:\/\/neulojat.fi\/?page_id=40"},"modified":"2026-01-26T08:27:51","modified_gmt":"2026-01-26T08:27:51","slug":"jaseneksi","status":"publish","type":"page","link":"https:\/\/neulojat.fi\/?page_id=40","title":{"rendered":"Tietoa j\u00e4senyydest\u00e4"},"content":{"rendered":"\n<h4 class=\"wp-block-heading\"><br>Kuka voi liitty\u00e4 j\u00e4seneksi? Miten liityt\u00e4\u00e4n?&nbsp;<\/h4>\n\n\n\n<p><br>Yhdistyksell\u00e4mme on kahdenlaisia j\u00e4seni\u00e4; varsinaisia j\u00e4seni\u00e4 ja kannatusj\u00e4seni\u00e4.<br><br>Varsinaiseksi j\u00e4seneksi voidaan hyv\u00e4ksy\u00e4 henkil\u00f6, joka hyv\u00e4ksyy yhdistyksen<br>tarkoituksen (<a href=\"https:\/\/neulojat.fi\/?page_id=49\" data-type=\"page\" data-id=\"49\">yhdistyksen s\u00e4\u00e4nn\u00f6iss\u00e4 kohta 2<\/a>). Neulojat ry:n tarkoituksena on yll\u00e4pit\u00e4\u00e4 ja kehitt\u00e4\u00e4 k\u00e4sity\u00f6harrastusta, erityisesti neulomista, sek\u00e4 edist\u00e4\u00e4 ja tukea monimuotoisen ja yhteis\u00f6llisen neulekulttuurin kehityst\u00e4 ensisijaisesti p\u00e4\u00e4kaupunkiseudulla.<br><br>Varsinaisilla j\u00e4senill\u00e4 on yhdistyksemme kokouksissa l\u00e4sn\u00e4olo- ja puheoikeus, sek\u00e4 \u00e4\u00e4nioikeus.<\/p>\n\n\n\n<p>Kannattavaksi j\u00e4seneksi voidaan hyv\u00e4ksy\u00e4 yksityinen henkil\u00f6 tai oikeuskelpoinen yhteis\u00f6, joka haluaa tukea yhdistyksen tarkoitusta ja toimintaa.<br>Kannattavilla j\u00e4senill\u00e4 on yhdistyksemme kokouksissa l\u00e4sn\u00e4olo- ja puheoikeus, mutta ei \u00e4\u00e4nioikeutta.<br><br>Varsinaiset j\u00e4senet ja kannattavat j\u00e4senet hyv\u00e4ksyy hakemuksesta yhdistyksen hallitus.&nbsp;<\/p>\n\n\n\n<p>Mik\u00e4li haluat liitty\u00e4 Neulojat ry:n j\u00e4seneksi, tutustu yhdistyksen s\u00e4\u00e4nt\u00f6ihin, t\u00e4yt\u00e4 s\u00e4hk\u00f6inen j\u00e4senhakemuslomake ja l\u00e4het\u00e4 se meille.<br>Saat ruudulle ilmoituksen lomakkeen vastaanottamisesta onnistuneen l\u00e4hetyksen j\u00e4lkeen.<br><br>Tapahtumissamme voit my\u00f6s t\u00e4ytt\u00e4\u00e4 paperisen j\u00e4senhakemuslomakkeen tai muotoilla vapaamuotoisen kirjallisen hakemuksen hallituksemme j\u00e4senten kanssa.<br>K\u00e4sittelemme mahdolliset uudet j\u00e4senhakemukset hallituksen kokouksissa ja l\u00e4het\u00e4mme tiedon hyv\u00e4ksytyst\u00e4 j\u00e4senyydest\u00e4 lomakkeessa ilmoitettuun s\u00e4hk\u00f6postiosoitteeseen.<\/p>\n\n\n\n<p>J\u00e4senille l\u00e4hetet\u00e4\u00e4n s\u00e4hk\u00f6postitse kutsut kev\u00e4t- ja syyskokoukseen, t\u00e4rke\u00e4t j\u00e4sentiedotteet ja sen lis\u00e4ksi tiedotamme mahdollisista tulevista j\u00e4seneduista tapahtumakohtaisesti. <br>N\u00e4iden kaikille j\u00e4senille l\u00e4hetett\u00e4vien viestien lis\u00e4ksi voit halutessasi tilata yhdistyksen uutiskirjeen, jossa kerrotaan toiminnastamme ja tapahtumistamme laajemmin.<br><br>Hallituksen kokouksia pidet\u00e4\u00e4n useampia vuoden aikana ilman ennalta sovittua aikataulua, joten hakemusten k\u00e4sittelyajat voivat vaihdella. Keskim\u00e4\u00e4r\u00e4inen k\u00e4sittelyaika on kolmesta kahdeksaan viikkoa. Poikkeukset mahdollisia.<br><br>Jos aprikoit onko j\u00e4senhakemuksesi saapunut perille, ole meihin suoraan yhteydess\u00e4 s\u00e4hk\u00f6postitse.&nbsp;<br><\/p>\n\n\n\n<h4 class=\"wp-block-heading\">Mit\u00e4 kustannuksia j\u00e4senyyteen liittyy?<\/h4>\n\n\n\n<p>Yhdistyksen liittymis- ja j\u00e4senmaksut ovat vapaaehtoisia. Sill\u00e4 halutaan varmistaa, ett\u00e4 j\u00e4senyys olisi mahdollinen taloudellisesta tilanteesta riippumatta. Vapaaehtoinen j\u00e4senmaksu toimikaudelle 2026 on 20 \u20ac, liittymismaksua ei perit\u00e4.<br><br>Vapaaehtoisilla j\u00e4senmaksuilla tuet yhdistyksen toimintaa ja autat j\u00e4rjest\u00e4m\u00e4\u00e4n neuletapahtumia meille kaikille.<br><br>Maksutiedot uusille j\u00e4senille l\u00e4hetet\u00e4\u00e4n ensimm\u00e4isess\u00e4 j\u00e4senkirjeess\u00e4 j\u00e4seneksi hyv\u00e4ksymisen j\u00e4lkeen.<br>Vanhat j\u00e4senet saavat uuden toimikauden alussa tammikuussa j\u00e4senkirjeen, joka sis\u00e4lt\u00e4\u00e4 maksutiedot vapaaehtoisen j\u00e4senmaksun maksamiseen, sek\u00e4 vaihtoehtoisia tapoja tukea yhdistyksen toimintaa.<br><br>Vapaaehtoisen j\u00e4senmaksun, sek\u00e4 liittymismaksun suuruus j\u00e4senille ja kannatusj\u00e4senille seuraavalle toimikaudelle p\u00e4\u00e4tet\u00e4\u00e4n yhdistyksen syyskokouksessa.<br><br>J\u00e4senyydest\u00e4 ei aiheudu j\u00e4senille pakollisia kuluja. Yhdistyksen j\u00e4rjest\u00e4miss\u00e4 tapahtumissa mahdolliset osallistumismaksut tai -kulut ovat j\u00e4senmaksusta erillisi\u00e4 ja tapahtumakohtaisia.&nbsp;<br><\/p>\n\n\n\n<h4 class=\"wp-block-heading\">Mit\u00e4 velvollisuuksia j\u00e4senill\u00e4 on? Ent\u00e4 mit\u00e4 etuja?<\/h4>\n\n\n\n<p>J\u00e4senet sitoutuvat toimimaan yhdistyksen s\u00e4\u00e4nt\u00f6j\u00e4 noudattaen hyv\u00e4ss\u00e4 hengess\u00e4.<br><br>J\u00e4senet voivat saada tapahtumakohtaisia j\u00e4senetuja, joista ilmoitetaan etuk\u00e4teen ja jotka voivat vaihdella tapahtumasta ja ajankohdasta riippuen. Etuihin voi sis\u00e4lty\u00e4 esimerkiksi mahdollisuus hankkia tapahtumalippu ennakkoon, j\u00e4senille suunnattua toimintaa tai muita etuja tilanteesta riippuen.<br><br>J\u00e4senetuja ei voi saada k\u00e4ytt\u00f6\u00f6n takautuvasti. Emme voi taata j\u00e4senhakemusten k\u00e4sittely\u00e4 ja uusien j\u00e4senten hyv\u00e4ksymist\u00e4 ehtim\u00e4\u00e4n valmiiksi ajoissa ennen j\u00e4senetuja sis\u00e4lt\u00e4vi\u00e4 tapahtumia. Hakemusten keskim\u00e4\u00e4r\u00e4iset k\u00e4sittelyajat vaihtelevat kolmesta kahdeksaan viikkoa, poikkeukset mahdollisia.<br><\/p>\n\n\n\n<h4 class=\"wp-block-heading\">Voinko tulla neulomaan, vaikken ole j\u00e4sen?<\/h4>\n\n\n\n<p>Tapahtumiin ja toimintaan osallistuminen ei vaadi yhdistyksen j\u00e4senyytt\u00e4. Voit osallistua neulemiitteihin, tapahtumiin ja jopa auttaa vapaaehtoisena olematta j\u00e4sen. Tavoitteemme on kuitenkin kehitt\u00e4\u00e4 j\u00e4senetuja, jotka tekev\u00e4t j\u00e4senyydest\u00e4 kannattavaa.<br><\/p>\n\n\n\n<p><strong>J\u00e4ik\u00f6 viel\u00e4 kysytt\u00e4v\u00e4\u00e4? Ota yhteytt\u00e4!<\/strong><\/p>\n","protected":false},"excerpt":{"rendered":"<p>Kuka voi liitty\u00e4 j\u00e4seneksi? Miten liityt\u00e4\u00e4n?&nbsp; Yhdistyksell\u00e4mme on kahdenlaisia j\u00e4seni\u00e4; varsinaisia j\u00e4seni\u00e4 ja kannatusj\u00e4seni\u00e4. Varsinaiseksi j\u00e4seneksi voidaan hyv\u00e4ksy\u00e4 henkil\u00f6, joka hyv\u00e4ksyy yhdistyksentarkoituksen (yhdistyksen s\u00e4\u00e4nn\u00f6iss\u00e4 kohta 2). Neulojat ry:n tarkoituksena on yll\u00e4pit\u00e4\u00e4 ja kehitt\u00e4\u00e4 k\u00e4sity\u00f6harrastusta, erityisesti neulomista, sek\u00e4 edist\u00e4\u00e4 ja tukea monimuotoisen ja yhteis\u00f6llisen neulekulttuurin kehityst\u00e4 ensisijaisesti p\u00e4\u00e4kaupunkiseudulla. Varsinaisilla j\u00e4senill\u00e4 on yhdistyksemme kokouksissa l\u00e4sn\u00e4olo- ja puheoikeus, [&hellip;]<\/p>\n","protected":false},"author":2,"featured_media":0,"parent":0,"menu_order":0,"comment_status":"closed","ping_status":"closed","template":"","meta":{"footnotes":""},"class_list":["post-40","page","type-page","status-publish","hentry"],"_links":{"self":[{"href":"https:\/\/neulojat.fi\/index.php?rest_route=\/wp\/v2\/pages\/40","targetHints":{"allow":["GET"]}}],"collection":[{"href":"https:\/\/neulojat.fi\/index.php?rest_route=\/wp\/v2\/pages"}],"about":[{"href":"https:\/\/neulojat.fi\/index.php?rest_route=\/wp\/v2\/types\/page"}],"author":[{"embeddable":true,"href":"https:\/\/neulojat.fi\/index.php?rest_route=\/wp\/v2\/users\/2"}],"replies":[{"embeddable":true,"href":"https:\/\/neulojat.fi\/index.php?rest_route=%2Fwp%2Fv2%2Fcomments&post=40"}],"version-history":[{"count":2,"href":"https:\/\/neulojat.fi\/index.php?rest_route=\/wp\/v2\/pages\/40\/revisions"}],"predecessor-version":[{"id":61,"href":"https:\/\/neulojat.fi\/index.php?rest_route=\/wp\/v2\/pages\/40\/revisions\/61"}],"wp:attachment":[{"href":"https:\/\/neulojat.fi\/index.php?rest_route=%2Fwp%2Fv2%2Fmedia&parent=40"}],"curies":[{"name":"wp","href":"https:\/\/api.w.org\/{rel}","templated":true}]}}