{"id":49,"date":"2026-01-26T08:27:16","date_gmt":"2026-01-26T08:27:16","guid":{"rendered":"https:\/\/neulojat.fi\/?page_id=49"},"modified":"2026-01-26T08:27:16","modified_gmt":"2026-01-26T08:27:16","slug":"yhdistyksen-saannot","status":"publish","type":"page","link":"https:\/\/neulojat.fi\/?page_id=49","title":{"rendered":"Yhdistyksen s\u00e4\u00e4nn\u00f6t"},"content":{"rendered":"\n<h2 class=\"wp-block-heading\"><br>Neulojat ry s\u00e4\u00e4nn\u00f6t\u00a0<\/h2>\n\n\n\n<p><strong>S\u00e4\u00e4nn\u00f6t voimassa 08.01.2024 alkaen.<\/strong><br><\/p>\n\n\n\n<p><strong>1. Yhdistyksen nimi ja kotipaikka<\/strong><br><br>Yhdistyksen nimi on Neulojat ry ja yhdistyksen kotipaikka on Helsinki.<br><\/p>\n\n\n\n<p><strong>2. Tarkoitus ja toiminnan laatu<\/strong><br><br>Yhdistyksen tarkoituksena on yll\u00e4pit\u00e4\u00e4 ja kehitt\u00e4\u00e4 k\u00e4sity\u00f6harrastusta, erityisesti neulomista, sek\u00e4 edist\u00e4\u00e4 ja tukea monimuotoisen ja yhteis\u00f6llisen neulekulttuurin kehityst\u00e4 ensisijaisesti p\u00e4\u00e4kaupunkiseudulla.<br><br>Tarkoituksensa toteuttamiseksi yhdistys:<br><br>-j\u00e4rjest\u00e4\u00e4 tapahtumia<br>-j\u00e4rjest\u00e4\u00e4 kurssitoimintaa ja pienimuotoisia kokoontumisia<br>-j\u00e4rjest\u00e4\u00e4 j\u00e4senilleen k\u00e4sit\u00f6ihin liittyvi\u00e4 tutustumisk\u00e4yntej\u00e4 ja opintomatkoja<br>-tekee yhteisty\u00f6t\u00e4 muiden k\u00e4sity\u00f6yhdistysten, -yhteis\u00f6jen ja -yritysten kanssa<br><br>Toimintansa tukemiseksi yhdistys voi:<br>-j\u00e4rjest\u00e4\u00e4 maksullisia yleis\u00f6tapahtumia<br>-j\u00e4rjest\u00e4\u00e4 kannatusmyynti\u00e4 yhdistyksen kulujen kattamiseksi<br>-ottaa vastaan avustuksia, lahjoituksia ja testamentteja<br>-omistaa toimintaansa varten tarpeellista kiinte\u00e4\u00e4 ja irtainta omaisuutta sek\u00e4<br>-toimeenpanna asianomaisen luvan saatuaan rahanker\u00e4yksi\u00e4 ja arpajaisia<br><\/p>\n\n\n\n<p><strong>3. J\u00e4senet<\/strong><br><br>Yhdistykseen varsinaiseksi j\u00e4seneksi voidaan hyv\u00e4ksy\u00e4 henkil\u00f6, joka hyv\u00e4ksyy yhdistyksen tarkoituksen. Kannattavaksi j\u00e4seneksi voidaan hyv\u00e4ksy\u00e4 yksityinen henkil\u00f6 tai oikeuskelpoinen yhteis\u00f6, joka haluaa tukea yhdistyksen tarkoitusta ja toimintaa. Varsinaiset j\u00e4senet ja kannattavat j\u00e4senet hyv\u00e4ksyy hakemuksesta yhdistyksen hallitus.<br><br>Yhdistyksen j\u00e4sen on velvollinen huolehtimaan, ett\u00e4 h\u00e4nen j\u00e4senrekisteriin ilmoittamansa tiedot ovat ajantasaisia ja oikein. J\u00e4sen voi ilmoittaa muuttuneista tiedoista kirjallisesti yhdistyksen hallitukselle tai sen puheenjohtajalle tai muulle yhdistyksen toimihenkil\u00f6lle, jonka vastuulla j\u00e4senrekisterin yll\u00e4pito on, mik\u00e4li sellainen henkil\u00f6 on teht\u00e4v\u00e4\u00e4n nimetty.<br><br>J\u00e4senrekisterin ajantasaisuus vahvistetaan j\u00e4senkyselyss\u00e4, jonka yhdistys toteuttaa j\u00e4senrekisterins\u00e4 pohjalta sopivaksi katsominaan vuosina. Vastausaikaa j\u00e4senkyselyyn tulee antaa v\u00e4hint\u00e4\u00e4n nelj\u00e4toista (14), kuitenkin enint\u00e4\u00e4n kolmekymment\u00e4 (30) vuorokautta. J\u00e4senkyselyyn tulee sis\u00e4llytt\u00e4\u00e4 osio, jossa j\u00e4sen voi ilmoittaa yhteystietojensa mahdollisista muutoksista j\u00e4senrekisteriin, sek\u00e4 osio, jossa j\u00e4sent\u00e4 pyydet\u00e4\u00e4n vahvistamaan halunsa jatkaa yhdistyksen j\u00e4senen\u00e4.\u00a0<br><br>Tilanteessa, jossa j\u00e4sen ei ole vastannut j\u00e4senkyselyyn annetun aikaraamin puitteissa ja h\u00e4nt\u00e4 ei kohtuullisiksi katsotuin keinoin ole onnistuttu tavoittamaan vahvistamaan j\u00e4senyytt\u00e4\u00e4n, j\u00e4sen voidaan erottaa yhdistyksest\u00e4. Henkil\u00f6n erottamisesta p\u00e4\u00e4tt\u00e4\u00e4 yhdistyksen hallitus kokouksessaan. Henkil\u00f6, joka on t\u00e4ll\u00e4 tavoin erotettu, voi uudelleen hakea yhdistyksen j\u00e4seneksi niin halutessaan.<br><br>Yhdistyksen j\u00e4sen on oikeutettu eroamaan yhdistyksest\u00e4 ilmoittamalla siit\u00e4 kirjallisesti yhdistyksen hallitukselle tai sen puheenjohtajalle tai suullisesti yhdistyksen kokouksen p\u00f6yt\u00e4kirjaan.\u00a0<br><br>Yhdistyksen j\u00e4sen voidaan hallituksen p\u00e4\u00e4t\u00f6ksell\u00e4 erottaa yhdistyksest\u00e4, mik\u00e4li h\u00e4n toiminnallaan yhdistyksess\u00e4 tai sen ulkopuolella est\u00e4\u00e4 yhdistyksen tarkoituksen toteuttamista tai vahingoittaa yhdistyksen mainetta.\u00a0<br><br>J\u00e4senell\u00e4 on oikeus saattaa erottamista koskeva hallituksen p\u00e4\u00e4t\u00f6s yhdistyksen kokouksen arvioitavaksi ilmoittamalla siit\u00e4 hallituksen puheenjohtajalle kolmenkymmenen (30) p\u00e4iv\u00e4n kuluessa erottamisp\u00e4\u00e4t\u00f6ksest\u00e4 tiedon saatuaan. T\u00e4m\u00e4n ilmoituksen perusteella hallitus on velvollinen ottamaan erottamista koskevan asian esille siin\u00e4 yhdistyksen kokouksessa, joka ensiksi pidet\u00e4\u00e4n sen j\u00e4lkeen, kun ilmoitus hallituksen puheenjohtajalle on tehty.<br><\/p>\n\n\n\n<p><strong>4. Liittymis- ja j\u00e4senmaksu<\/strong><br><br>Varsinaisilta j\u00e4senilt\u00e4 ja kannattavilta j\u00e4senilt\u00e4 peritt\u00e4v\u00e4n vapaaehtoisen liittymismaksun ja vapaaehtoisen vuotuisen j\u00e4senmaksun suuruudesta erikseen kummallekin j\u00e4senryhm\u00e4lle p\u00e4\u00e4tt\u00e4\u00e4 syyskokous.<\/p>\n\n\n\n<p><strong>5. Hallitus<\/strong><br><br>Yhdistyksen asioita hoitaa hallitus, johon kuuluu syyskokouksessa valitut puheenjohtaja ja 2-8 muuta varsinaista j\u00e4sent\u00e4 sek\u00e4 0-8 varaj\u00e4sent\u00e4. Hallituksen toimikausi on kalenterivuosi.<br><br>Hallitus valitsee keskuudestaan varapuheenjohtajan sek\u00e4 ottaa keskuudestaan tai ulkopuoleltaan sihteerin, rahastonhoitajan ja muut tarvittavat toimihenkil\u00f6t.<br><br>Hallitus kokoontuu puheenjohtajan tai h\u00e4nen estyneen\u00e4 ollessaan varapuheenjohtajan kutsusta, kun he katsovat siihen olevan aihetta tai kun v\u00e4hint\u00e4\u00e4n puolet hallituksen j\u00e4senist\u00e4 sit\u00e4 vaatii. Hallitus on p\u00e4\u00e4t\u00f6svaltainen, kun v\u00e4hint\u00e4\u00e4n puolet sen j\u00e4senist\u00e4, puheenjohtaja tai varapuheenjohtaja mukaan luettuna on l\u00e4sn\u00e4. \u00c4\u00e4nestykset ratkaistaan ehdottomalla \u00e4\u00e4nten enemmist\u00f6ll\u00e4. \u00c4\u00e4nten menness\u00e4 tasan ratkaisee puheenjohtajan \u00e4\u00e4ni, vaaleissa kuitenkin arpa.<br><br>Hallituksen puheenjohtaja valitaan syyskokouksessa toimikaudeksi kerrallaan \u00e4\u00e4nestyksell\u00e4. Mik\u00e4li puheenjohtaja on jatkanut toimessaan v\u00e4hint\u00e4\u00e4n nelj\u00e4 per\u00e4tt\u00e4ist\u00e4 toimikautta, h\u00e4n on v\u00e4ist\u00e4misvelvollinen, jos puheenjohtajan teht\u00e4v\u00e4\u00e4n on muita ehdokkaita. Muiden ehdokkaiden puuttuessa puheenjohtaja voi jatkaa uudelle toimikaudelle.\u00a0<br><br>Hallituksen j\u00e4senen erotessa kesken toimikautta, tulee seuraavan yhdistyksen kokouksen valita uusi j\u00e4sen h\u00e4nen tilalleen j\u00e4ljell\u00e4 olevaksi toimikaudeksi. Yhdistyksen kokous voi my\u00f6s erottaa hallituksen tai jonkin sen j\u00e4senen kesken toimikautta painavista syist\u00e4, jolloin saman kokouksen on valittava yhdistykselle uusi hallitus tai erotetun j\u00e4senen tilalle uusi j\u00e4sen hallituksen j\u00e4ljell\u00e4 olevaksi toimikaudeksi.\u00a0<\/p>\n\n\n\n<p><strong>6. Yhdistyksen nimen kirjoittaminen<\/strong><br><br>Yhdistyksen nimen kirjoittaa hallituksen puheenjohtaja, varapuheenjohtaja, sihteeri tai rahastonhoitaja, kukin yksin.<\/p>\n\n\n\n<p><strong>7. Tilikausi<\/strong><br><br>Yhdistyksen tilikausi on kalenterivuosi.<\/p>\n\n\n\n<p><strong>8. Yhdistyksen kokoukset<\/strong><br><br>Yhdistyksen kokoukseen voidaan osallistua hallituksen tai yhdistyksen kokouksen niin p\u00e4\u00e4tt\u00e4ess\u00e4 my\u00f6s tietoliikenneyhteyden tai muun teknisen apuv\u00e4lineen avulla kokouksen aikana tai ennen kokousta. Yhdistys pit\u00e4\u00e4 vuosittain kaksi varsinaista kokousta. Yhdistyksen kev\u00e4tkokous pidet\u00e4\u00e4n tammi-toukokuussa ja syyskokous syys-joulukuussa hallituksen m\u00e4\u00e4r\u00e4\u00e4m\u00e4n\u00e4 p\u00e4iv\u00e4n\u00e4.\u00a0<br><br>Yhdistyksen kokouksissa on jokaisella varsinaisella j\u00e4senell\u00e4 yksi \u00e4\u00e4ni. Kannattavalla j\u00e4senell\u00e4 on kokouksessa l\u00e4sn\u00e4olo- ja puheoikeus. Yhdistyksen kokouksen p\u00e4\u00e4t\u00f6kseksi tulee, ellei s\u00e4\u00e4nn\u00f6iss\u00e4 ole toisin m\u00e4\u00e4r\u00e4tty, se mielipide, jota on kannattanut yli puolet annetuista \u00e4\u00e4nist\u00e4. \u00c4\u00e4nten menness\u00e4 tasan ratkaisee kokouksen puheenjohtajan \u00e4\u00e4ni, vaaleissa kuitenkin arpa.<\/p>\n\n\n\n<p><strong>9. Yhdistyksen kokousten koollekutsuminen<\/strong><br><br>Hallituksen on kutsuttava yhdistyksen kokoukset koolle v\u00e4hint\u00e4\u00e4n seitsem\u00e4n vuorokautta ennen kokousta. Kokouskutsu l\u00e4hetet\u00e4\u00e4n j\u00e4senille kirjallisesti s\u00e4hk\u00f6isten viestipalveluiden avulla tai postitse.<\/p>\n\n\n\n<p><strong>10. Varsinaiset kokoukset<\/strong><br><br>Yhdistyksen kev\u00e4tkokouksessa k\u00e4sitell\u00e4\u00e4n seuraavat asiat:<br><br>1. kokouksen avaus<br>2. valitaan kokouksen puheenjohtaja, sihteeri, kaksi p\u00f6yt\u00e4kirjantarkastajaa ja tarvittaessa kaksi \u00e4\u00e4ntenlaskijaa<br>3. todetaan kokouksen laillisuus ja p\u00e4\u00e4t\u00f6svaltaisuus<br>4. hyv\u00e4ksyt\u00e4\u00e4n kokouksen ty\u00f6j\u00e4rjestys<br>5. esitet\u00e4\u00e4n tilinp\u00e4\u00e4t\u00f6s, vuosikertomus ja toiminnantarkastajien\/tilintarkastajien lausunto<br>6. p\u00e4\u00e4tet\u00e4\u00e4n tilinp\u00e4\u00e4t\u00f6ksen vahvistamisesta ja vastuuvapauden my\u00f6nt\u00e4misest\u00e4 hallitukselle ja muille vastuuvelvollisille<br>7. k\u00e4sitell\u00e4\u00e4n muut kokouskutsussa mainitut asiat<br><br>Yhdistyksen syyskokouksessa k\u00e4sitell\u00e4\u00e4n seuraavat asiat:<br><br>1. kokouksen avaus<br>2. valitaan kokouksen puheenjohtaja, sihteeri, kaksi p\u00f6yt\u00e4kirjantarkastajaa ja tarvittaessa kaksi \u00e4\u00e4ntenlaskijaa<br>3. todetaan kokouksen laillisuus ja p\u00e4\u00e4t\u00f6svaltaisuus<br>4. hyv\u00e4ksyt\u00e4\u00e4n kokouksen ty\u00f6j\u00e4rjestys<br>5. vahvistetaan toimintasuunnitelma, tulo- ja menoarvio sek\u00e4 liittymis- ja j\u00e4senmaksujen suuruudet<br>6. valitaan hallituksen puheenjohtaja ja muut j\u00e4senet<br>7. valitaan yksi tai kaksi toiminnantarkastajaa ja varatoiminnantarkastajaa taikka yksi tai kaksi tilintarkastajaa ja varatilintarkastajaa<br>8. k\u00e4sitell\u00e4\u00e4n muut kokouskutsussa mainitut asiat.<br><br>Mik\u00e4li yhdistyksen j\u00e4sen haluaa saada jonkin asian yhdistyksen kev\u00e4t- tai syyskokouksen k\u00e4sitelt\u00e4v\u00e4ksi, on h\u00e4nen ilmoitettava siit\u00e4 kirjallisesti hallitukselle niin hyviss\u00e4 ajoin ennen kokousta, ett\u00e4 asia voidaan sis\u00e4llytt\u00e4\u00e4 kokouskutsuun.<\/p>\n\n\n\n<p><strong>11. S\u00e4\u00e4nt\u00f6jen muuttaminen ja yhdistyksen purkaminen<\/strong><br><br>P\u00e4\u00e4t\u00f6s s\u00e4\u00e4nt\u00f6jen muuttamisesta ja yhdistyksen purkamisesta on teht\u00e4v\u00e4 yhdistyksen kokouksessa v\u00e4hint\u00e4\u00e4n kahden kolmasosan (2\/3) enemmist\u00f6ll\u00e4 annetuista \u00e4\u00e4nist\u00e4. Kokouskutsussa on mainittava s\u00e4\u00e4nt\u00f6jen muuttamisesta tai yhdistyksen purkamisesta. Yhdistyksen purkautuessa k\u00e4ytet\u00e4\u00e4n yhdistyksen varat yhdistyksen tarkoituksen edist\u00e4miseen purkamisesta p\u00e4\u00e4tt\u00e4v\u00e4n kokouksen m\u00e4\u00e4r\u00e4\u00e4m\u00e4ll\u00e4 tavalla.\u00a0<br><br>Yhdistyksen tullessa lakkautetuksi k\u00e4ytet\u00e4\u00e4n sen varat samaan tarkoitukseen.<\/p>\n","protected":false},"excerpt":{"rendered":"<p>Neulojat ry s\u00e4\u00e4nn\u00f6t\u00a0 S\u00e4\u00e4nn\u00f6t voimassa 08.01.2024 alkaen. 1. Yhdistyksen nimi ja kotipaikka Yhdistyksen nimi on Neulojat ry ja yhdistyksen kotipaikka on Helsinki. 2. Tarkoitus ja toiminnan laatu Yhdistyksen tarkoituksena on yll\u00e4pit\u00e4\u00e4 ja kehitt\u00e4\u00e4 k\u00e4sity\u00f6harrastusta, erityisesti neulomista, sek\u00e4 edist\u00e4\u00e4 ja tukea monimuotoisen ja yhteis\u00f6llisen neulekulttuurin kehityst\u00e4 ensisijaisesti p\u00e4\u00e4kaupunkiseudulla. Tarkoituksensa toteuttamiseksi yhdistys: -j\u00e4rjest\u00e4\u00e4 tapahtumia-j\u00e4rjest\u00e4\u00e4 kurssitoimintaa ja pienimuotoisia [&hellip;]<\/p>\n","protected":false},"author":2,"featured_media":0,"parent":0,"menu_order":0,"comment_status":"closed","ping_status":"closed","template":"","meta":{"footnotes":""},"class_list":["post-49","page","type-page","status-publish","hentry"],"_links":{"self":[{"href":"https:\/\/neulojat.fi\/index.php?rest_route=\/wp\/v2\/pages\/49","targetHints":{"allow":["GET"]}}],"collection":[{"href":"https:\/\/neulojat.fi\/index.php?rest_route=\/wp\/v2\/pages"}],"about":[{"href":"https:\/\/neulojat.fi\/index.php?rest_route=\/wp\/v2\/types\/page"}],"author":[{"embeddable":true,"href":"https:\/\/neulojat.fi\/index.php?rest_route=\/wp\/v2\/users\/2"}],"replies":[{"embeddable":true,"href":"https:\/\/neulojat.fi\/index.php?rest_route=%2Fwp%2Fv2%2Fcomments&post=49"}],"version-history":[{"count":1,"href":"https:\/\/neulojat.fi\/index.php?rest_route=\/wp\/v2\/pages\/49\/revisions"}],"predecessor-version":[{"id":50,"href":"https:\/\/neulojat.fi\/index.php?rest_route=\/wp\/v2\/pages\/49\/revisions\/50"}],"wp:attachment":[{"href":"https:\/\/neulojat.fi\/index.php?rest_route=%2Fwp%2Fv2%2Fmedia&parent=49"}],"curies":[{"name":"wp","href":"https:\/\/api.w.org\/{rel}","templated":true}]}}